{"id":16308,"date":"2024-10-17T14:42:45","date_gmt":"2024-10-17T13:42:45","guid":{"rendered":"https:\/\/ecoverify.io\/terminos-del-servicio\/"},"modified":"2025-04-28T02:06:21","modified_gmt":"2025-04-28T01:06:21","slug":"terminos-del-servicio","status":"publish","type":"page","link":"https:\/\/ecoverify.io\/es\/terminos-del-servicio\/","title":{"rendered":"T\u00e9rminos del Servicio"},"content":{"rendered":"\n<p><strong>Introducci\u00f3n<\/strong><\/p>\n\n<p>Bienvenido a Ecoverify.io (&#8220;el Servicio&#8221;). Al acceder o utilizar nuestro sitio web, aplicaci\u00f3n m\u00f3vil y cualquier servicio asociado (colectivamente, &#8220;la Plataforma&#8221;), usted acepta quedar vinculado por las presentes Condiciones del servicio (&#8220;Condiciones&#8221;). Estas Condiciones regulan su acceso y uso de la Plataforma, as\u00ed como cualquier informaci\u00f3n, texto, gr\u00e1ficos, fotograf\u00edas, documentos, v\u00eddeos u otros materiales cargados, descargados o que aparezcan en la Plataforma (denominados colectivamente como &#8220;Contenido&#8221;). Si no acepta las presentes Condiciones, no podr\u00e1 utilizar la Plataforma.   <\/p>\n\n<p><strong>1. Uso de la Plataforma<\/strong><\/p>\n\n<p><strong>1.1 Eligibilidad<\/strong><\/p>\n\n<p>Para utilizar la Plataforma, debe tener al menos 18 a\u00f1os o haber alcanzado haber alcanzado la mayor\u00eda de edad en su jurisdicci\u00f3n. Al utilizar la Plataforma, usted declara y garantiza que cumple estos requisitos de elegibilidad. <\/p>\n\n<p><strong>1.2 Registro de la cuenta<\/strong><\/p>\n\n<p>Para acceder a determinadas funciones de la Plataforma, es posible que deba crear una cuenta. Usted se compromete a proporcionar informaci\u00f3n precisa, actualizada y completa durante el proceso de registro, y a actualizar dicha informaci\u00f3n cuando sea necesario para mantenerla precisa, actualizada y completa. Usted es responsable de proteger su contrase\u00f1a y de cualquier actividad o acci\u00f3n realizada bajo su cuenta. Ecoverify.io no ser\u00e1 responsable de ninguna p\u00e9rdida o da\u00f1o derivado del incumplimiento de esta obligaci\u00f3n de seguridad por su parte.   <\/p>\n\n<p><strong>1.3 Conducta del usuario<\/strong><\/p>\n\n<p>Usted se compromete a utilizar la Plataforma \u00fanicamente para fines permitidos y de conformidad con las presentes Condiciones. Queda prohibido: <\/p>\n\n<ul class=\"wp-block-list\">\n<li>Participar en cualquier actividad ilegal o en cualquier actividad que infrinja cualquier ley local, estatal, nacional o internacional.<\/li>\n\n\n\n<li>Utilizar la Plataforma de manera que pueda da\u00f1ar, perjudicar o interferir en el uso de la Plataforma por parte de terceros.<\/li>\n\n\n\n<li>Cargar o transmitir cualquier Contenido que sea da\u00f1ino, abusivo, acosador, difamatorio, vulgar, obsceno o, de cualquier otra forma, censurable.<\/li>\n<\/ul>\n\n<p><strong>2. Contenido<\/strong><\/p>\n\n<p><strong>2.1 Tu contenido<\/strong><\/p>\n\n<p>Usted conserva la propiedad de cualquier Contenido que env\u00ede, publique o muestre en o a trav\u00e9s de la Plataforma. Al enviar, publicar o mostrar Contenido en o a trav\u00e9s de la Plataforma, usted otorga a Ecoverify.io una licencia mundial, no exclusiva y libre de regal\u00edas para utilizar, copiar, reproducir, procesar, adaptar, publicar, transmitir y mostrar dicho Contenido en relaci\u00f3n con el funcionamiento de la Plataforma. <\/p>\n\n<p><strong>2.2 Contenido Prohibido<\/strong><\/p>\n\n<p>Usted se compromete a no enviar, cargar ni mostrar ning\u00fan Contenido que:<\/p>\n\n<ul class=\"wp-block-list\">\n<li>Viole los derechos de propiedad intelectual de terceros.<\/li>\n\n\n\n<li>Contenga virus, malware o cualquier otro c\u00f3digo da\u00f1ino.<\/li>\n\n\n\n<li>Sea falso, enga\u00f1oso o equ\u00edvoco.<\/li>\n\n\n\n<li>Promueve o fomenta actividades ilegales.<\/li>\n<\/ul>\n\n<p><strong>3. Pol\u00edtica de Privacidad<\/strong><\/p>\n\n<p>Su privacidad es importante para nosotros. Consulte nuestra Pol\u00edtica de Privacidad, donde se explica c\u00f3mo recopilamos, utilizamos y protegemos su informaci\u00f3n. Al utilizar la Plataforma, usted consiente la recopilaci\u00f3n y el uso de su informaci\u00f3n tal y como se describe en dicha Pol\u00edtica de Privacidad.  <\/p>\n\n<p><strong>4. Propiedad Intelectual<\/strong><\/p>\n\n<p><strong>4.1 Titularidad<\/strong><\/p>\n\n<p>Todos los derechos, t\u00edtulos e intereses sobre la Plataforma, incluidos, entre otros, el software, los textos, las im\u00e1genes y el Contenido proporcionado por Ecoverify.io, son y seguir\u00e1n siendo propiedad exclusiva de Ecoverify.io y sus licenciantes.<\/p>\n\n<p><strong>4.2 Marcas<\/strong><\/p>\n\n<p>El nombre y el logotipo de Ecoverify.io son marcas de Ecoverify.io. Usted no podr\u00e1 utilizar dichas marcas sin nuestro consentimiento previo y por escrito. <\/p>\n\n<p><strong>5. Terminaci\u00f3n<\/strong><\/p>\n\n<p><strong>5.1 Terminacion por parte del Usuario<\/strong><\/p>\n\n<p>Puede cancelar su cuenta en cualquier momento siguiendo las instrucciones proporcionadas en la Plataforma. Tras la rescisi\u00f3n , dejar\u00e1 de tener acceso a la Plataforma, y cualquier Contenido que haya enviado podr\u00eda dejar de estar disponible. <\/p>\n\n<p><strong>5.2 Terminacion por parte del Ecoverify.io<\/strong><\/p>\n\n<p>Nos reservamos el derecho de suspender o cancelar su cuenta o su acceso a la Plataforma en cualquier momento, con o sin causa, con o sin previo aviso, con efecto inmediato. Las razones para la terminaci\u00f3n pueden incluir, entre otras, el incumplimiento de estos T\u00e9rminos o de cualquier otra pol\u00edtica o directriz proporcionada por Ecoverify.io. <\/p>\n\n<p><strong>6. Exenci\u00f3n y Limitaci\u00f3n de Responsabilidad<\/strong><\/p>\n\n<p><strong>6.1 Exenci\u00f3n de Garant\u00edas<\/strong><\/p>\n\n<p>La Plataforma se proporciona &#8220;tal cual&#8221; y &#8220;seg\u00fan disponibilidad&#8221;, sin garant\u00edas de ning\u00fan tipo, ya sean expresas o impl\u00edcitas, incluidas, entre otras, las garant\u00edas impl\u00edcitas de comerciabilidad, idoneidad para un prop\u00f3sito particular, no infracci\u00f3n o cumplimiento del curso de ejecuci\u00f3n. Ecoverify.io no garantiza que la Plataforma sea ininterrumpida, segura o est\u00e9 libre de errores, virus u otros componentes da\u00f1inos. <\/p>\n\n<p><strong>6.2 Limitaci\u00f3n de Responsabilidad<\/strong><\/p>\n\n<p>En la m\u00e1xima medida permitida por la legislaci\u00f3n aplicable, Ecoverify.io no ser\u00e1 responsable de ning\u00fan da\u00f1o directo, indirecto, incidental, especial, consecuencial o punitivo, incluidos, entre otros, la p\u00e9rdida de beneficios, datos, uso, fondo de comercio u otras p\u00e9rdidas intangibles, resultantes de: (i) su acceso o uso de la Plataforma, o la imposibilidad de acceder a ella o utilizarla; (ii) cualquier conducta o Contenido de terceros en la Plataforma; (iii) cualquier Contenido obtenido de la Plataforma; o (iv) el acceso, uso o alteraci\u00f3n no autorizados de sus transmisiones o Contenido.    <\/p>\n\n<p><strong>7. Indemnizaci\u00f3n<\/strong><\/p>\n\n<p>El Usuario acepta indemnizar, defender y mantener indemne a Ecoverify.io, sus afiliados y sus respectivos funcionarios, directores, empleados y agentes de y contra cualquier reclamaci\u00f3n, da\u00f1o, obligaci\u00f3n, p\u00e9rdida, responsabilidad, coste o deuda y gasto (incluidos, entre otros, los honorarios de abogados) derivados de su uso o acceso a la Plataforma, o del incumplimiento por su parte de las presentes Condiciones.<\/p>\n\n<p><strong>8. Ley aplicable y resoluci\u00f3n de disputas<\/strong><\/p>\n\n<p>Estos T\u00e9rminos se regir\u00e1n e interpretar\u00e1n de acuerdo con las leyes de la jurisdicci\u00f3n en la que opere Ecoverify.io, sin tener en cuenta sus principios sobre conflictos de leyes. Cualquier controversia derivada de o relacionada con el objeto de las presentes Condiciones se resolver\u00e1 de forma definitiva mediante arbitraje en dicha jurisdicci\u00f3n, de conformidad con las normas y procedimientos de un servicio de arbitraje mutuamente acordado. <\/p>\n\n<p><strong>9. Modificaciones de las Condiciones<\/strong><\/p>\n\n<p>Ecoverify.io se reserva el derecho, a su entera discreci\u00f3n, de modificar o sustituir estas Condiciones en cualquier momento. Si una revisi\u00f3n es sustancial, le notificaremos con al menos 30 d\u00edas de antelaci\u00f3n a la entrada en vigor de las nuevas Condiciones. Al continuar accediendo o utilizando la Plataforma despu\u00e9s de que dichas revisiones entren en vigor, usted acepta quedar vinculado por las Condiciones revisadas.  <\/p>\n\n<p><strong>10. Informaci\u00f3n de contacto<\/strong><\/p>\n\n<p>Si tiene alguna pregunta sobre estas Condiciones, puede ponerse en contacto con nosotros a trav\u00e9s de:<\/p>\n\n<p>Ecoverify.io<br\/>Unidad A1, Centro Hume<br\/>Avenida Hume, Parkwest<br\/>Dubl\u00edn, D12 C8C7, Irlanda<br\/>info@ecoverify.io<\/p>\n","protected":false},"excerpt":{"rendered":"<p>Introducci\u00f3n Bienvenido a Ecoverify.io (&#8220;el Servicio&#8221;). Al acceder o utilizar nuestro sitio web, aplicaci\u00f3n m\u00f3vil y cualquier servicio asociado (colectivamente, &#8220;la Plataforma&#8221;), usted acepta quedar vinculado por las presentes Condiciones del servicio (&#8220;Condiciones&#8221;). Estas Condiciones regulan su acceso y uso de la Plataforma, as\u00ed como cualquier informaci\u00f3n, texto, gr\u00e1ficos, fotograf\u00edas, documentos, v\u00eddeos u otros materiales [&hellip;]<\/p>\n","protected":false},"author":3,"featured_media":0,"parent":0,"menu_order":0,"comment_status":"closed","ping_status":"closed","template":"","meta":{"footnotes":""},"class_list":["post-16308","page","type-page","status-publish","hentry"],"yoast_head":"<!-- This site is optimized with the Yoast SEO plugin v27.1.1 - https:\/\/yoast.com\/product\/yoast-seo-wordpress\/ -->\n<title>T\u00e9rminos del Servicio<\/title>\n<meta name=\"robots\" content=\"noindex, follow\" \/>\n<meta property=\"og:locale\" content=\"es_ES\" \/>\n<meta property=\"og:type\" content=\"article\" \/>\n<meta property=\"og:title\" content=\"T\u00e9rminos del Servicio\" \/>\n<meta property=\"og:description\" content=\"Introducci\u00f3n Bienvenido a Ecoverify.io (&#8220;el Servicio&#8221;). Al acceder o utilizar nuestro sitio web, aplicaci\u00f3n m\u00f3vil y cualquier servicio asociado (colectivamente, &#8220;la Plataforma&#8221;), usted acepta quedar vinculado por las presentes Condiciones del servicio (&#8220;Condiciones&#8221;). Estas Condiciones regulan su acceso y uso de la Plataforma, as\u00ed como cualquier informaci\u00f3n, texto, gr\u00e1ficos, fotograf\u00edas, documentos, v\u00eddeos u otros materiales [&hellip;]\" \/>\n<meta property=\"og:url\" content=\"https:\/\/ecoverify.io\/es\/terminos-del-servicio\/\" \/>\n<meta property=\"og:site_name\" content=\"EcoVerify\" \/>\n<meta property=\"article:modified_time\" content=\"2025-04-28T01:06:21+00:00\" \/>\n<meta property=\"og:image\" content=\"https:\/\/ecoverify.io\/wp-content\/uploads\/2025\/04\/ecoverify.png\" \/>\n\t<meta property=\"og:image:width\" content=\"1080\" \/>\n\t<meta property=\"og:image:height\" content=\"456\" \/>\n\t<meta property=\"og:image:type\" content=\"image\/png\" \/>\n<meta name=\"twitter:card\" content=\"summary_large_image\" \/>\n<meta name=\"twitter:label1\" content=\"Tiempo de lectura\" \/>\n\t<meta name=\"twitter:data1\" content=\"5 minutos\" \/>\n<script type=\"application\/ld+json\" class=\"yoast-schema-graph\">{\"@context\":\"https:\/\/schema.org\",\"@graph\":[{\"@type\":\"WebPage\",\"@id\":\"https:\/\/ecoverify.io\/es\/terminos-del-servicio\/\",\"url\":\"https:\/\/ecoverify.io\/es\/terminos-del-servicio\/\",\"name\":\"T\u00e9rminos del Servicio\",\"isPartOf\":{\"@id\":\"http:\/\/ecoverify.io\/es\/#website\"},\"datePublished\":\"2024-10-17T13:42:45+00:00\",\"dateModified\":\"2025-04-28T01:06:21+00:00\",\"breadcrumb\":{\"@id\":\"https:\/\/ecoverify.io\/es\/terminos-del-servicio\/#breadcrumb\"},\"inLanguage\":\"es\",\"potentialAction\":[{\"@type\":\"ReadAction\",\"target\":[\"https:\/\/ecoverify.io\/es\/terminos-del-servicio\/\"]}]},{\"@type\":\"BreadcrumbList\",\"@id\":\"https:\/\/ecoverify.io\/es\/terminos-del-servicio\/#breadcrumb\",\"itemListElement\":[{\"@type\":\"ListItem\",\"position\":1,\"name\":\"Home\",\"item\":\"http:\/\/ecoverify.io\/es\/\"},{\"@type\":\"ListItem\",\"position\":2,\"name\":\"T\u00e9rminos del Servicio\"}]},{\"@type\":\"WebSite\",\"@id\":\"http:\/\/ecoverify.io\/es\/#website\",\"url\":\"http:\/\/ecoverify.io\/es\/\",\"name\":\"EcoVerify\",\"description\":\"Empowering a Sustainable Future\",\"publisher\":{\"@id\":\"http:\/\/ecoverify.io\/es\/#organization\"},\"potentialAction\":[{\"@type\":\"SearchAction\",\"target\":{\"@type\":\"EntryPoint\",\"urlTemplate\":\"http:\/\/ecoverify.io\/es\/?s={search_term_string}\"},\"query-input\":{\"@type\":\"PropertyValueSpecification\",\"valueRequired\":true,\"valueName\":\"search_term_string\"}}],\"inLanguage\":\"es\"},{\"@type\":\"Organization\",\"@id\":\"http:\/\/ecoverify.io\/es\/#organization\",\"name\":\"Empowering a Sustainable Future\",\"url\":\"http:\/\/ecoverify.io\/es\/\",\"logo\":{\"@type\":\"ImageObject\",\"inLanguage\":\"es\",\"@id\":\"http:\/\/ecoverify.io\/es\/#\/schema\/logo\/image\/\",\"url\":\"http:\/\/ecoverify.io\/wp-content\/uploads\/2024\/10\/White-Text.svg\",\"contentUrl\":\"http:\/\/ecoverify.io\/wp-content\/uploads\/2024\/10\/White-Text.svg\",\"width\":1920,\"height\":425.3,\"caption\":\"Empowering a Sustainable Future\"},\"image\":{\"@id\":\"http:\/\/ecoverify.io\/es\/#\/schema\/logo\/image\/\"},\"sameAs\":[\"https:\/\/www.linkedin.com\/company\/ecoverify-io\/\"]}]}<\/script>\n<!-- \/ Yoast SEO plugin. -->","yoast_head_json":{"title":"T\u00e9rminos del Servicio","robots":{"index":"noindex","follow":"follow"},"og_locale":"es_ES","og_type":"article","og_title":"T\u00e9rminos del Servicio","og_description":"Introducci\u00f3n Bienvenido a Ecoverify.io (&#8220;el Servicio&#8221;). Al acceder o utilizar nuestro sitio web, aplicaci\u00f3n m\u00f3vil y cualquier servicio asociado (colectivamente, &#8220;la Plataforma&#8221;), usted acepta quedar vinculado por las presentes Condiciones del servicio (&#8220;Condiciones&#8221;). Estas Condiciones regulan su acceso y uso de la Plataforma, as\u00ed como cualquier informaci\u00f3n, texto, gr\u00e1ficos, fotograf\u00edas, documentos, v\u00eddeos u otros materiales [&hellip;]","og_url":"https:\/\/ecoverify.io\/es\/terminos-del-servicio\/","og_site_name":"EcoVerify","article_modified_time":"2025-04-28T01:06:21+00:00","og_image":[{"width":1080,"height":456,"url":"https:\/\/ecoverify.io\/wp-content\/uploads\/2025\/04\/ecoverify.png","type":"image\/png"}],"twitter_card":"summary_large_image","twitter_misc":{"Tiempo de lectura":"5 minutos"},"schema":{"@context":"https:\/\/schema.org","@graph":[{"@type":"WebPage","@id":"https:\/\/ecoverify.io\/es\/terminos-del-servicio\/","url":"https:\/\/ecoverify.io\/es\/terminos-del-servicio\/","name":"T\u00e9rminos del Servicio","isPartOf":{"@id":"http:\/\/ecoverify.io\/es\/#website"},"datePublished":"2024-10-17T13:42:45+00:00","dateModified":"2025-04-28T01:06:21+00:00","breadcrumb":{"@id":"https:\/\/ecoverify.io\/es\/terminos-del-servicio\/#breadcrumb"},"inLanguage":"es","potentialAction":[{"@type":"ReadAction","target":["https:\/\/ecoverify.io\/es\/terminos-del-servicio\/"]}]},{"@type":"BreadcrumbList","@id":"https:\/\/ecoverify.io\/es\/terminos-del-servicio\/#breadcrumb","itemListElement":[{"@type":"ListItem","position":1,"name":"Home","item":"http:\/\/ecoverify.io\/es\/"},{"@type":"ListItem","position":2,"name":"T\u00e9rminos del Servicio"}]},{"@type":"WebSite","@id":"http:\/\/ecoverify.io\/es\/#website","url":"http:\/\/ecoverify.io\/es\/","name":"EcoVerify","description":"Empowering a Sustainable Future","publisher":{"@id":"http:\/\/ecoverify.io\/es\/#organization"},"potentialAction":[{"@type":"SearchAction","target":{"@type":"EntryPoint","urlTemplate":"http:\/\/ecoverify.io\/es\/?s={search_term_string}"},"query-input":{"@type":"PropertyValueSpecification","valueRequired":true,"valueName":"search_term_string"}}],"inLanguage":"es"},{"@type":"Organization","@id":"http:\/\/ecoverify.io\/es\/#organization","name":"Empowering a Sustainable Future","url":"http:\/\/ecoverify.io\/es\/","logo":{"@type":"ImageObject","inLanguage":"es","@id":"http:\/\/ecoverify.io\/es\/#\/schema\/logo\/image\/","url":"http:\/\/ecoverify.io\/wp-content\/uploads\/2024\/10\/White-Text.svg","contentUrl":"http:\/\/ecoverify.io\/wp-content\/uploads\/2024\/10\/White-Text.svg","width":1920,"height":425.3,"caption":"Empowering a Sustainable Future"},"image":{"@id":"http:\/\/ecoverify.io\/es\/#\/schema\/logo\/image\/"},"sameAs":["https:\/\/www.linkedin.com\/company\/ecoverify-io\/"]}]}},"_links":{"self":[{"href":"https:\/\/ecoverify.io\/es\/wp-json\/wp\/v2\/pages\/16308","targetHints":{"allow":["GET"]}}],"collection":[{"href":"https:\/\/ecoverify.io\/es\/wp-json\/wp\/v2\/pages"}],"about":[{"href":"https:\/\/ecoverify.io\/es\/wp-json\/wp\/v2\/types\/page"}],"author":[{"embeddable":true,"href":"https:\/\/ecoverify.io\/es\/wp-json\/wp\/v2\/users\/3"}],"replies":[{"embeddable":true,"href":"https:\/\/ecoverify.io\/es\/wp-json\/wp\/v2\/comments?post=16308"}],"version-history":[{"count":1,"href":"https:\/\/ecoverify.io\/es\/wp-json\/wp\/v2\/pages\/16308\/revisions"}],"predecessor-version":[{"id":16309,"href":"https:\/\/ecoverify.io\/es\/wp-json\/wp\/v2\/pages\/16308\/revisions\/16309"}],"wp:attachment":[{"href":"https:\/\/ecoverify.io\/es\/wp-json\/wp\/v2\/media?parent=16308"}],"curies":[{"name":"wp","href":"https:\/\/api.w.org\/{rel}","templated":true}]}}