{"id":16310,"date":"2024-10-17T14:42:30","date_gmt":"2024-10-17T13:42:30","guid":{"rendered":"https:\/\/ecoverify.io\/politica-de-cookies\/"},"modified":"2025-04-28T02:21:03","modified_gmt":"2025-04-28T01:21:03","slug":"politica-de-cookies","status":"publish","type":"page","link":"https:\/\/ecoverify.io\/es\/politica-de-cookies\/","title":{"rendered":"Pol\u00edtica de Cookies"},"content":{"rendered":"\n<p><strong>Visi\u00f3n General<\/strong><\/p>\n\n<p>Esta Pol\u00edtica de Cookies describe el uso de cookies en nuestro sitio web, detallando qu\u00e9 son las cookies, los tipos que utilizamos, los datos que recopilamos a trav\u00e9s de las cookies y c\u00f3mo utilizamos esta informaci\u00f3n. Tambi\u00e9n explica c\u00f3mo puede gestionar sus preferencias de cookies. Para obtener informaci\u00f3n m\u00e1s detallada sobre nuestras pr\u00e1cticas de tratamiento de datos, incluido el almacenamiento de datos y las medidas de seguridad, consulte nuestra Pol\u00edtica de Privacidad.  <\/p>\n\n<p>Usted conserva el derecho de modificar o retirar su consentimiento para el uso de cookies en cualquier momento a trav\u00e9s de la Declaraci\u00f3n de Cookies de nuestro sitio web.<\/p>\n\n<p>Para obtener m\u00e1s informaci\u00f3n sobre nuestra organizaci\u00f3n, informaci\u00f3n de contacto y pr\u00e1cticas de tratamiento de datos, consulte nuestra Pol\u00edtica de Privacidad. Su consentimiento se aplica a los siguientes dominios: ecoverify-staging-com.stackstaging.com <\/p>\n\n<p><strong>Comprender las Cookies<\/strong><\/p>\n\n<p>Las cookies son peque\u00f1os archivos de texto que se descargan en su dispositivo cuando accede a nuestro sitio web a trav\u00e9s de un navegador. Estos archivos est\u00e1n dise\u00f1ados para almacenar informaci\u00f3n que mejora la funcionalidad del sitio web, refuerza la seguridad, proporciona una mejor experiencia de usuario y nos ayuda a analizar el rendimiento del sitio web para identificar \u00e1reas de mejora. <\/p>\n\n<p><strong>Nuestro Uso de Cookies<\/strong><\/p>\n\n<p>Como la mayor\u00eda de los servicios en l\u00ednea, nuestro sitio web utiliza cookies propias y de terceros para diversos fines. Las cookies propias son esenciales para el funcionamiento adecuado del sitio web y no recopilan informaci\u00f3n personal identificable. <\/p>\n\n<p>Las cookies de terceros se utilizan principalmente para analizar el rendimiento del sitio web, comprender las interacciones de los usuarios, mantener la seguridad, ofrecer publicidad relevante y mejorar su experiencia general. Estas cookies tambi\u00e9n contribuyen a que futuras interacciones con nuestro sitio web sean m\u00e1s r\u00e1pidas y personalizadas. <\/p>\n\n<p><strong>Tipos de Cookies que Utilizamos<\/strong><\/p>\n\n<ul class=\"wp-block-list\">\n<li><strong>Cookies Esenciales:<\/strong> Estas cookies son esenciales para el pleno funcionamiento de nuestro sitio web. Mantienen las sesiones de los usuarios y protegen contra amenazas de seguridad sin recopilar ni almacenar informaci\u00f3n personal. Por ejemplo, permiten inicios de sesi\u00f3n seguros, la selecci\u00f3n de productos y los procesos de pago.  <\/li>\n\n\n\n<li><strong>Cookies Estad\u00edstica<\/strong>: Estas cookies recopilan datos como el n\u00famero de visitantes del sitio web, visitantes \u00fanicos, visitas a p\u00e1ginas y fuentes de tr\u00e1fico. Esta informaci\u00f3n nos ayuda a evaluar el rendimiento del sitio web e identificar \u00e1reas de mejora. <\/li>\n\n\n\n<li><strong>Cookies de Marketing<\/strong>: Nuestro sitio web utiliza estas cookies para personalizar los anuncios que ve, asegurando que sean relevantes para usted. Tambi\u00e9n rastrean la efectividad de nuestras campa\u00f1as publicitarias. Los datos recopilados pueden ser compartidos con proveedores de publicidad de terceros para mostrar anuncios en otros sitios web que visite.  <\/li>\n\n\n\n<li><strong>Cookies Funcionales<\/strong>: Estas cookies respaldan funcionalidades no esenciales del sitio web, como la incorporaci\u00f3n de videos o la habilitaci\u00f3n para compartir contenido en plataformas de redes sociales.<\/li>\n\n\n\n<li><strong>Cookies de Preferencias<\/strong>: Estas cookies recuerdan sus configuraciones y preferencias, como el idioma, para ofrecer una experiencia de navegaci\u00f3n m\u00e1s eficiente y personalizada en futuras visitas.<\/li>\n<\/ul>\n\n<p><strong>Gesti\u00f3n de Preferencias de Cookies<\/strong><\/p>\n\n<p>Puede gestionar sus preferencias de cookies en cualquier momento durante su sesi\u00f3n de navegaci\u00f3n haciendo clic en la pesta\u00f1a &#8220;Pol\u00edtica de Privacidad y Cookies&#8221; que aparece en su pantalla. Esto le permitir\u00e1 revisar y modificar sus preferencias o retirar su consentimiento por completo. <\/p>\n\n<p>Adem\u00e1s, la mayor\u00eda de los navegadores web ofrecen diversas opciones para bloquear o eliminar cookies. Puede ajustar la configuraci\u00f3n de su navegador para gestionar el uso de cookies. Para obtener m\u00e1s informaci\u00f3n sobre c\u00f3mo gestionar y eliminar cookies, visite <a href=\"https:\/\/www.wikipedia.org\">wikipedia.org<\/a> o <a href=\"https:\/\/www.allaboutcookies.org\">allaboutcookies.org<\/a>.  <\/p>\n","protected":false},"excerpt":{"rendered":"<p>Visi\u00f3n General Esta Pol\u00edtica de Cookies describe el uso de cookies en nuestro sitio web, detallando qu\u00e9 son las cookies, los tipos que utilizamos, los datos que recopilamos a trav\u00e9s de las cookies y c\u00f3mo utilizamos esta informaci\u00f3n. Tambi\u00e9n explica c\u00f3mo puede gestionar sus preferencias de cookies. Para obtener informaci\u00f3n m\u00e1s detallada sobre nuestras pr\u00e1cticas [&hellip;]<\/p>\n","protected":false},"author":3,"featured_media":0,"parent":0,"menu_order":0,"comment_status":"closed","ping_status":"closed","template":"","meta":{"footnotes":""},"class_list":["post-16310","page","type-page","status-publish","hentry"],"yoast_head":"<!-- This site is optimized with the Yoast SEO plugin v27.1.1 - https:\/\/yoast.com\/product\/yoast-seo-wordpress\/ -->\n<title>Pol\u00edtica de Cookies<\/title>\n<meta name=\"robots\" content=\"noindex, follow\" \/>\n<meta property=\"og:locale\" content=\"es_ES\" \/>\n<meta property=\"og:type\" content=\"article\" \/>\n<meta property=\"og:title\" content=\"Pol\u00edtica de Cookies\" \/>\n<meta property=\"og:description\" content=\"Visi\u00f3n General Esta Pol\u00edtica de Cookies describe el uso de cookies en nuestro sitio web, detallando qu\u00e9 son las cookies, los tipos que utilizamos, los datos que recopilamos a trav\u00e9s de las cookies y c\u00f3mo utilizamos esta informaci\u00f3n. Tambi\u00e9n explica c\u00f3mo puede gestionar sus preferencias de cookies. Para obtener informaci\u00f3n m\u00e1s detallada sobre nuestras pr\u00e1cticas [&hellip;]\" \/>\n<meta property=\"og:url\" content=\"https:\/\/ecoverify.io\/es\/politica-de-cookies\/\" \/>\n<meta property=\"og:site_name\" content=\"EcoVerify\" \/>\n<meta property=\"article:modified_time\" content=\"2025-04-28T01:21:03+00:00\" \/>\n<meta property=\"og:image\" content=\"https:\/\/ecoverify.io\/wp-content\/uploads\/2025\/04\/ecoverify.png\" \/>\n\t<meta property=\"og:image:width\" content=\"1080\" \/>\n\t<meta property=\"og:image:height\" content=\"456\" \/>\n\t<meta property=\"og:image:type\" content=\"image\/png\" \/>\n<meta name=\"twitter:card\" content=\"summary_large_image\" \/>\n<meta name=\"twitter:label1\" content=\"Tiempo de lectura\" \/>\n\t<meta name=\"twitter:data1\" content=\"3 minutos\" \/>\n<script type=\"application\/ld+json\" class=\"yoast-schema-graph\">{\"@context\":\"https:\/\/schema.org\",\"@graph\":[{\"@type\":\"WebPage\",\"@id\":\"https:\/\/ecoverify.io\/es\/politica-de-cookies\/\",\"url\":\"https:\/\/ecoverify.io\/es\/politica-de-cookies\/\",\"name\":\"Pol\u00edtica de Cookies\",\"isPartOf\":{\"@id\":\"http:\/\/ecoverify.io\/es\/#website\"},\"datePublished\":\"2024-10-17T13:42:30+00:00\",\"dateModified\":\"2025-04-28T01:21:03+00:00\",\"breadcrumb\":{\"@id\":\"https:\/\/ecoverify.io\/es\/politica-de-cookies\/#breadcrumb\"},\"inLanguage\":\"es\",\"potentialAction\":[{\"@type\":\"ReadAction\",\"target\":[\"https:\/\/ecoverify.io\/es\/politica-de-cookies\/\"]}]},{\"@type\":\"BreadcrumbList\",\"@id\":\"https:\/\/ecoverify.io\/es\/politica-de-cookies\/#breadcrumb\",\"itemListElement\":[{\"@type\":\"ListItem\",\"position\":1,\"name\":\"Home\",\"item\":\"http:\/\/ecoverify.io\/es\/\"},{\"@type\":\"ListItem\",\"position\":2,\"name\":\"Pol\u00edtica de Cookies\"}]},{\"@type\":\"WebSite\",\"@id\":\"http:\/\/ecoverify.io\/es\/#website\",\"url\":\"http:\/\/ecoverify.io\/es\/\",\"name\":\"EcoVerify\",\"description\":\"Empowering a Sustainable Future\",\"publisher\":{\"@id\":\"http:\/\/ecoverify.io\/es\/#organization\"},\"potentialAction\":[{\"@type\":\"SearchAction\",\"target\":{\"@type\":\"EntryPoint\",\"urlTemplate\":\"http:\/\/ecoverify.io\/es\/?s={search_term_string}\"},\"query-input\":{\"@type\":\"PropertyValueSpecification\",\"valueRequired\":true,\"valueName\":\"search_term_string\"}}],\"inLanguage\":\"es\"},{\"@type\":\"Organization\",\"@id\":\"http:\/\/ecoverify.io\/es\/#organization\",\"name\":\"Empowering a Sustainable Future\",\"url\":\"http:\/\/ecoverify.io\/es\/\",\"logo\":{\"@type\":\"ImageObject\",\"inLanguage\":\"es\",\"@id\":\"http:\/\/ecoverify.io\/es\/#\/schema\/logo\/image\/\",\"url\":\"http:\/\/ecoverify.io\/wp-content\/uploads\/2024\/10\/White-Text.svg\",\"contentUrl\":\"http:\/\/ecoverify.io\/wp-content\/uploads\/2024\/10\/White-Text.svg\",\"width\":1920,\"height\":425.3,\"caption\":\"Empowering a Sustainable Future\"},\"image\":{\"@id\":\"http:\/\/ecoverify.io\/es\/#\/schema\/logo\/image\/\"},\"sameAs\":[\"https:\/\/www.linkedin.com\/company\/ecoverify-io\/\"]}]}<\/script>\n<!-- \/ Yoast SEO plugin. -->","yoast_head_json":{"title":"Pol\u00edtica de Cookies","robots":{"index":"noindex","follow":"follow"},"og_locale":"es_ES","og_type":"article","og_title":"Pol\u00edtica de Cookies","og_description":"Visi\u00f3n General Esta Pol\u00edtica de Cookies describe el uso de cookies en nuestro sitio web, detallando qu\u00e9 son las cookies, los tipos que utilizamos, los datos que recopilamos a trav\u00e9s de las cookies y c\u00f3mo utilizamos esta informaci\u00f3n. Tambi\u00e9n explica c\u00f3mo puede gestionar sus preferencias de cookies. Para obtener informaci\u00f3n m\u00e1s detallada sobre nuestras pr\u00e1cticas [&hellip;]","og_url":"https:\/\/ecoverify.io\/es\/politica-de-cookies\/","og_site_name":"EcoVerify","article_modified_time":"2025-04-28T01:21:03+00:00","og_image":[{"width":1080,"height":456,"url":"https:\/\/ecoverify.io\/wp-content\/uploads\/2025\/04\/ecoverify.png","type":"image\/png"}],"twitter_card":"summary_large_image","twitter_misc":{"Tiempo de lectura":"3 minutos"},"schema":{"@context":"https:\/\/schema.org","@graph":[{"@type":"WebPage","@id":"https:\/\/ecoverify.io\/es\/politica-de-cookies\/","url":"https:\/\/ecoverify.io\/es\/politica-de-cookies\/","name":"Pol\u00edtica de Cookies","isPartOf":{"@id":"http:\/\/ecoverify.io\/es\/#website"},"datePublished":"2024-10-17T13:42:30+00:00","dateModified":"2025-04-28T01:21:03+00:00","breadcrumb":{"@id":"https:\/\/ecoverify.io\/es\/politica-de-cookies\/#breadcrumb"},"inLanguage":"es","potentialAction":[{"@type":"ReadAction","target":["https:\/\/ecoverify.io\/es\/politica-de-cookies\/"]}]},{"@type":"BreadcrumbList","@id":"https:\/\/ecoverify.io\/es\/politica-de-cookies\/#breadcrumb","itemListElement":[{"@type":"ListItem","position":1,"name":"Home","item":"http:\/\/ecoverify.io\/es\/"},{"@type":"ListItem","position":2,"name":"Pol\u00edtica de Cookies"}]},{"@type":"WebSite","@id":"http:\/\/ecoverify.io\/es\/#website","url":"http:\/\/ecoverify.io\/es\/","name":"EcoVerify","description":"Empowering a Sustainable Future","publisher":{"@id":"http:\/\/ecoverify.io\/es\/#organization"},"potentialAction":[{"@type":"SearchAction","target":{"@type":"EntryPoint","urlTemplate":"http:\/\/ecoverify.io\/es\/?s={search_term_string}"},"query-input":{"@type":"PropertyValueSpecification","valueRequired":true,"valueName":"search_term_string"}}],"inLanguage":"es"},{"@type":"Organization","@id":"http:\/\/ecoverify.io\/es\/#organization","name":"Empowering a Sustainable Future","url":"http:\/\/ecoverify.io\/es\/","logo":{"@type":"ImageObject","inLanguage":"es","@id":"http:\/\/ecoverify.io\/es\/#\/schema\/logo\/image\/","url":"http:\/\/ecoverify.io\/wp-content\/uploads\/2024\/10\/White-Text.svg","contentUrl":"http:\/\/ecoverify.io\/wp-content\/uploads\/2024\/10\/White-Text.svg","width":1920,"height":425.3,"caption":"Empowering a Sustainable Future"},"image":{"@id":"http:\/\/ecoverify.io\/es\/#\/schema\/logo\/image\/"},"sameAs":["https:\/\/www.linkedin.com\/company\/ecoverify-io\/"]}]}},"_links":{"self":[{"href":"https:\/\/ecoverify.io\/es\/wp-json\/wp\/v2\/pages\/16310","targetHints":{"allow":["GET"]}}],"collection":[{"href":"https:\/\/ecoverify.io\/es\/wp-json\/wp\/v2\/pages"}],"about":[{"href":"https:\/\/ecoverify.io\/es\/wp-json\/wp\/v2\/types\/page"}],"author":[{"embeddable":true,"href":"https:\/\/ecoverify.io\/es\/wp-json\/wp\/v2\/users\/3"}],"replies":[{"embeddable":true,"href":"https:\/\/ecoverify.io\/es\/wp-json\/wp\/v2\/comments?post=16310"}],"version-history":[{"count":1,"href":"https:\/\/ecoverify.io\/es\/wp-json\/wp\/v2\/pages\/16310\/revisions"}],"predecessor-version":[{"id":16311,"href":"https:\/\/ecoverify.io\/es\/wp-json\/wp\/v2\/pages\/16310\/revisions\/16311"}],"wp:attachment":[{"href":"https:\/\/ecoverify.io\/es\/wp-json\/wp\/v2\/media?parent=16310"}],"curies":[{"name":"wp","href":"https:\/\/api.w.org\/{rel}","templated":true}]}}